{"id":10,"date":"2019-11-24T10:00:07","date_gmt":"2019-11-24T10:00:07","guid":{"rendered":"http:\/\/laub-tech.hu\/wordpress\/?page_id=10"},"modified":"2023-07-19T21:03:59","modified_gmt":"2023-07-19T21:03:59","slug":"elerhetoseg","status":"publish","type":"page","link":"https:\/\/laub-tech.hu\/wordpress\/elerhetoseg\/","title":{"rendered":"El\u00e9rhet\u0151s\u00e9g"},"content":{"rendered":"\n<h2 class=\"wp-block-heading\">Laub Tech Hungary Kft.<\/h2>\n\n\n\n<p><strong>2800<\/strong> Tatab\u00e1nya, Teleki L\u00e1szl\u00f3 \u00fat 11.<\/p>\n\n\n\n<p><iframe loading=\"lazy\" src=\"https:\/\/www.google.com\/maps\/embed?pb=!1m14!1m8!1m3!1d1346.127887700149!2d18.405858144147864!3d47.5628116869941!3m2!1i1024!2i768!4f13.1!3m3!1m2!1s0x476a408c17181de3%3A0xbdc01bf5ea5b14ee!2zVGF0YWLDoW55YSwgVGVsZWtpIEzDoXN6bMOzIHUuIDExLCAyODAw!5e0!3m2!1shu!2shu!4v1574870015229!5m2!1shu!2shu\" style=\"border:0;\" allowfullscreen=\"\" width=\"600\" height=\"450\" frameborder=\"0\"><\/iframe><\/p>\n\n\n\n<p><\/p>\n\n\n\n<p><strong>Tel.:<\/strong> +36-30-462-9529<\/p>\n\n\n\n<p><strong>Email: <\/strong><\/p>\n\n\n\n<p>laub-tech<strong>@<\/strong>laub-tech.hu<\/p>\n\n\n\n<p>laubtechhungary<strong>@<\/strong>gmail.com<\/p>\n","protected":false},"excerpt":{"rendered":"<p>Laub Tech Hungary Kft. 2800 Tatab\u00e1nya, Teleki L\u00e1szl\u00f3 \u00fat 11. Tel.: +36-30-462-9529 Email: laub-tech@laub-tech.hu laubtechhungary@gmail.com<\/p>\n","protected":false},"author":2,"featured_media":0,"parent":0,"menu_order":0,"comment_status":"closed","ping_status":"closed","template":"","meta":{"footnotes":""},"class_list":["post-10","page","type-page","status-publish","hentry"],"_links":{"self":[{"href":"https:\/\/laub-tech.hu\/wordpress\/wp-json\/wp\/v2\/pages\/10","targetHints":{"allow":["GET"]}}],"collection":[{"href":"https:\/\/laub-tech.hu\/wordpress\/wp-json\/wp\/v2\/pages"}],"about":[{"href":"https:\/\/laub-tech.hu\/wordpress\/wp-json\/wp\/v2\/types\/page"}],"author":[{"embeddable":true,"href":"https:\/\/laub-tech.hu\/wordpress\/wp-json\/wp\/v2\/users\/2"}],"replies":[{"embeddable":true,"href":"https:\/\/laub-tech.hu\/wordpress\/wp-json\/wp\/v2\/comments?post=10"}],"version-history":[{"count":12,"href":"https:\/\/laub-tech.hu\/wordpress\/wp-json\/wp\/v2\/pages\/10\/revisions"}],"predecessor-version":[{"id":212,"href":"https:\/\/laub-tech.hu\/wordpress\/wp-json\/wp\/v2\/pages\/10\/revisions\/212"}],"wp:attachment":[{"href":"https:\/\/laub-tech.hu\/wordpress\/wp-json\/wp\/v2\/media?parent=10"}],"curies":[{"name":"wp","href":"https:\/\/api.w.org\/{rel}","templated":true}]}}