{"id":68,"date":"2020-09-05T15:28:43","date_gmt":"2020-09-05T15:28:43","guid":{"rendered":"https:\/\/laub-tech.hu\/wordpress\/?page_id=68"},"modified":"2022-07-20T13:21:35","modified_gmt":"2022-07-20T13:21:35","slug":"fertotlenitok","status":"publish","type":"page","link":"https:\/\/laub-tech.hu\/wordpress\/fertotlenitok\/","title":{"rendered":"Fert\u0151tlen\u00edt\u0151k"},"content":{"rendered":"\n<p>V\u00e1llalkoz\u00e1sunk megkezdte h\u00e1ztart\u00e1si \u00e9s ipari felhaszn\u00e1l\u00e1sra is alkalmas fert\u0151tlen\u00edt\u0151szerek \u00e9s berendez\u00e9sek \u00e9rt\u00e9kes\u00edt\u00e9s\u00e9t, telep\u00edt\u00e9s\u00e9t.<\/p>\n\n\n\n<h2 class=\"wp-block-heading\">K\u00e9zfert\u0151tlen\u00edt\u00e9s<\/h2>\n\n\n\n<p>Nagy kiszerel\u00e9sekben \u00e9s gyakori haszn\u00e1latra is sz\u00e1nt k\u00e9zfert\u0151tlen\u00edt\u0151 term\u00e9keinket egyar\u00e1nt aj\u00e1nljuk <\/p>\n\n\n\n<ul class=\"wp-block-list\"><li>iskolai<\/li><li>irodai<\/li><li>vend\u00e9gl\u00e1t\u00f3ipari<\/li><li>\u00e9s egy\u00e9b k\u00f6z\u00f6ss\u00e9gi helyis\u00e9gekben t\u00f6rt\u00e9n\u0151 felhaszn\u00e1l\u00e1sra<\/li><\/ul>\n\n\n\n<h3 class=\"wp-block-heading\">Fert\u0151tlen\u00edt\u0151hat\u00e1s\u00fa foly\u00e9kony-szappanok<\/h3>\n\n\n\n<h4 class=\"wp-block-heading\">F\u0151bb jellemz\u0151k<\/h4>\n\n\n\n<ul class=\"wp-block-list\"><li>Old\u00f3szer-mentes<\/li><li>D\u00f6rzsanyag n\u00e9lk\u00fcli<\/li><li>Az EN 12054 sztenderd szerint tesztelt<\/li><li>Fert\u0151tlen\u00edt\u0151 adal\u00e9kkal<\/li><li>B\u0151r hidrat\u00e1l\u00f3t- \u00e9s kondicion\u00e1l\u00f3t tartalmaz<\/li><li>Illatmentes<\/li><li>Sz\u00ednez\u00e9k-mentes<\/li><\/ul>\n\n\n\n<h4 class=\"wp-block-heading\">El\u0151ny\u00f6k<\/h4>\n\n\n\n<ul class=\"wp-block-list\"><li>Haszn\u00e1lat\u00e1val puha marad a b\u0151r<\/li><li>Az \u00e9lelmiszer- \u00e9s vend\u00e9gl\u00e1t\u00f3ipar sz\u00e1m\u00e1r tervezve<\/li><li>H\u00e1ztart\u00e1si felhaszn\u00e1l\u00e1sra is alkalmas<\/li><li>Ide\u00e1lis gyakori haszn\u00e1latra is<\/li><li>Sz\u00ednez\u00e9s- \u00e9s illatanyag mentess\u00e9ge b\u0151rbar\u00e1tt\u00e1 teszi<\/li><\/ul>\n\n\n\n<h3 class=\"wp-block-heading\">Gyors k\u00e9zfert\u0151tlen\u00edt\u0151k<\/h3>\n\n\n\n<h4 class=\"wp-block-heading\">F\u0151bb jellemz\u0151k<\/h4>\n\n\n\n<ul class=\"wp-block-list\"><li>Old\u00f3szer-mentes<\/li><li>Szilikon-mentes<\/li><li>Illat-mentes<\/li><li>Alkohol-mentes<\/li><li>Hozz\u00e1adott b\u0151r\u00e1pol\u00f3t tartalmaz<\/li><li>Fert\u0151tlen\u00edt\u0151 adal\u00e9kkal<\/li><li>Nem kell le\u00f6bl\u00edteni<\/li><li>5.5 pH<\/li><li>Dermatol\u00f3giailag tesztelt<\/li><\/ul>\n\n\n\n<h4 class=\"wp-block-heading\">El\u0151ny\u00f6k<\/h4>\n\n\n\n<ul class=\"wp-block-list\"><li>Ide\u00e1lis gyakori haszn\u00e1latra<\/li><li>Nem sz\u00e1r\u00edtja ki a kezeket<\/li><li>Kiv\u00e1l\u00f3 b\u0151r kompatibilit\u00e1s<\/li><li>Kompatibilis a HACCP k\u00f6vetelm\u00e9nyeivel<\/li><li>Nem gy\u00fal\u00e9kony<\/li><li>Nem ADR-es, nincs sz\u00e1ll\u00edt\u00e1si- \u00e9s t\u00e1rol\u00e1si limit\u00e1ci\u00f3<\/li><li>Spray haszn\u00e1lat: sokkal tov\u00e1bb tart, mint a g\u00e9lek<\/li><li>Praktikus \u00e9s k\u00f6nnyen hordozhat\u00f3 b\u00e1rmerre<\/li><\/ul>\n\n\n\n<p><\/p>\n","protected":false},"excerpt":{"rendered":"<p>V\u00e1llalkoz\u00e1sunk megkezdte h\u00e1ztart\u00e1si \u00e9s ipari felhaszn\u00e1l\u00e1sra is alkalmas fert\u0151tlen\u00edt\u0151szerek \u00e9s berendez\u00e9sek \u00e9rt\u00e9kes\u00edt\u00e9s\u00e9t, telep\u00edt\u00e9s\u00e9t. K\u00e9zfert\u0151tlen\u00edt\u00e9s Nagy kiszerel\u00e9sekben \u00e9s gyakori haszn\u00e1latra is sz\u00e1nt k\u00e9zfert\u0151tlen\u00edt\u0151 term\u00e9keinket egyar\u00e1nt aj\u00e1nljuk iskolai irodai vend\u00e9gl\u00e1t\u00f3ipari \u00e9s egy\u00e9b k\u00f6z\u00f6ss\u00e9gi helyis\u00e9gekben t\u00f6rt\u00e9n\u0151 felhaszn\u00e1l\u00e1sra Fert\u0151tlen\u00edt\u0151hat\u00e1s\u00fa foly\u00e9kony-szappanok F\u0151bb jellemz\u0151k Old\u00f3szer-mentes D\u00f6rzsanyag n\u00e9lk\u00fcli Az EN 12054 sztenderd szerint tesztelt Fert\u0151tlen\u00edt\u0151 adal\u00e9kkal B\u0151r hidrat\u00e1l\u00f3t- \u00e9s kondicion\u00e1l\u00f3t tartalmaz Illatmentes &hellip; <\/p>\n<p class=\"link-more\"><a href=\"https:\/\/laub-tech.hu\/wordpress\/fertotlenitok\/\" class=\"more-link\"><span class=\"screen-reader-text\">&#8222;Fert\u0151tlen\u00edt\u0151k&#8221;<\/span> b\u0151vebben<\/a><\/p>\n","protected":false},"author":2,"featured_media":153,"parent":0,"menu_order":0,"comment_status":"closed","ping_status":"closed","template":"","meta":{"footnotes":""},"class_list":["post-68","page","type-page","status-publish","has-post-thumbnail","hentry"],"_links":{"self":[{"href":"https:\/\/laub-tech.hu\/wordpress\/wp-json\/wp\/v2\/pages\/68","targetHints":{"allow":["GET"]}}],"collection":[{"href":"https:\/\/laub-tech.hu\/wordpress\/wp-json\/wp\/v2\/pages"}],"about":[{"href":"https:\/\/laub-tech.hu\/wordpress\/wp-json\/wp\/v2\/types\/page"}],"author":[{"embeddable":true,"href":"https:\/\/laub-tech.hu\/wordpress\/wp-json\/wp\/v2\/users\/2"}],"replies":[{"embeddable":true,"href":"https:\/\/laub-tech.hu\/wordpress\/wp-json\/wp\/v2\/comments?post=68"}],"version-history":[{"count":2,"href":"https:\/\/laub-tech.hu\/wordpress\/wp-json\/wp\/v2\/pages\/68\/revisions"}],"predecessor-version":[{"id":70,"href":"https:\/\/laub-tech.hu\/wordpress\/wp-json\/wp\/v2\/pages\/68\/revisions\/70"}],"wp:featuredmedia":[{"embeddable":true,"href":"https:\/\/laub-tech.hu\/wordpress\/wp-json\/wp\/v2\/media\/153"}],"wp:attachment":[{"href":"https:\/\/laub-tech.hu\/wordpress\/wp-json\/wp\/v2\/media?parent=68"}],"curies":[{"name":"wp","href":"https:\/\/api.w.org\/{rel}","templated":true}]}}