{"id":8,"date":"2019-11-24T10:00:07","date_gmt":"2019-11-24T10:00:07","guid":{"rendered":"http:\/\/laub-tech.hu\/wordpress\/?page_id=8"},"modified":"2023-03-04T18:31:28","modified_gmt":"2023-03-04T18:31:28","slug":"kezdolap","status":"publish","type":"page","link":"https:\/\/laub-tech.hu\/wordpress\/","title":{"rendered":"Kezd\u0151lap"},"content":{"rendered":"\n<p>\u00dcdv\u00f6z\u00f6lj\u00fck Weboldalunkon!<br><\/p>\n\n\n\n<p>\u00d6r\u00f6mmel \u00e9rtes\u00edtj\u00fck \u00fcgyfeleinket, hogy meg\u00fajult weboldalunkon v\u00e1llalkoz\u00e1sunk megkezdte h\u00e1ztart\u00e1si \u00e9s ipari felhaszn\u00e1l\u00e1sra is alkalmas fert\u0151tlen\u00edt\u0151szerek \u00e9s berendez\u00e9sek \u00e9rt\u00e9kes\u00edt\u00e9s\u00e9t, telep\u00edt\u00e9s\u00e9t.<\/p>\n\n\n\n<p>A legfontosabb c\u00e9lunk, hogy \u00fcgyfeleink el\u00e9gedetts\u00e9g\u00e9t kiv\u00edvjuk annak biztos\u00edt\u00e1s\u00e1val, hogy term\u00e9keink \u00e9s szolg\u00e1ltat\u00e1saink az elv\u00e1r\u00e1saik szerint, k\u00f6lts\u00e9ghat\u00e9konyan \u00e9s id\u0151ben t\u00f6rt\u00e9n\u0151 sz\u00e1ll\u00edt\u00e1ssal bonyol\u00f3djon le.<\/p>\n\n\n\n<p>Mindig az \u00fcgyfeleink elv\u00e1r\u00e1sainak megfelel\u0151en v\u00e9gezz\u00fck a munk\u00e1nkat.<\/p>\n\n\n\n<p>C\u00e9lunk, hogy jobban csin\u00e1ljunk mindent, mint kor\u00e1bban. Ez\u00e9rt folyamatosan fejlesztj\u00fck a folyamatainkat a szab\u00e1lyok, \u00e9s a t\u00f6rv\u00e9nyek betart\u00e1s\u00e1val.<\/p>\n","protected":false},"excerpt":{"rendered":"<p>\u00dcdv\u00f6z\u00f6lj\u00fck Weboldalunkon! \u00d6r\u00f6mmel \u00e9rtes\u00edtj\u00fck \u00fcgyfeleinket, hogy meg\u00fajult weboldalunkon v\u00e1llalkoz\u00e1sunk megkezdte h\u00e1ztart\u00e1si \u00e9s ipari felhaszn\u00e1l\u00e1sra is alkalmas fert\u0151tlen\u00edt\u0151szerek \u00e9s berendez\u00e9sek \u00e9rt\u00e9kes\u00edt\u00e9s\u00e9t, telep\u00edt\u00e9s\u00e9t. A legfontosabb c\u00e9lunk, hogy \u00fcgyfeleink el\u00e9gedetts\u00e9g\u00e9t kiv\u00edvjuk annak biztos\u00edt\u00e1s\u00e1val, hogy term\u00e9keink \u00e9s szolg\u00e1ltat\u00e1saink az elv\u00e1r\u00e1saik szerint, k\u00f6lts\u00e9ghat\u00e9konyan \u00e9s id\u0151ben t\u00f6rt\u00e9n\u0151 sz\u00e1ll\u00edt\u00e1ssal bonyol\u00f3djon le. Mindig az \u00fcgyfeleink elv\u00e1r\u00e1sainak megfelel\u0151en v\u00e9gezz\u00fck a munk\u00e1nkat. C\u00e9lunk, hogy jobban &hellip; <\/p>\n<p class=\"link-more\"><a href=\"https:\/\/laub-tech.hu\/wordpress\/\" class=\"more-link\"><span class=\"screen-reader-text\">&#8222;Kezd\u0151lap&#8221;<\/span> b\u0151vebben<\/a><\/p>\n","protected":false},"author":2,"featured_media":0,"parent":0,"menu_order":0,"comment_status":"closed","ping_status":"closed","template":"","meta":{"footnotes":""},"class_list":["post-8","page","type-page","status-publish","hentry"],"_links":{"self":[{"href":"https:\/\/laub-tech.hu\/wordpress\/wp-json\/wp\/v2\/pages\/8","targetHints":{"allow":["GET"]}}],"collection":[{"href":"https:\/\/laub-tech.hu\/wordpress\/wp-json\/wp\/v2\/pages"}],"about":[{"href":"https:\/\/laub-tech.hu\/wordpress\/wp-json\/wp\/v2\/types\/page"}],"author":[{"embeddable":true,"href":"https:\/\/laub-tech.hu\/wordpress\/wp-json\/wp\/v2\/users\/2"}],"replies":[{"embeddable":true,"href":"https:\/\/laub-tech.hu\/wordpress\/wp-json\/wp\/v2\/comments?post=8"}],"version-history":[{"count":4,"href":"https:\/\/laub-tech.hu\/wordpress\/wp-json\/wp\/v2\/pages\/8\/revisions"}],"predecessor-version":[{"id":167,"href":"https:\/\/laub-tech.hu\/wordpress\/wp-json\/wp\/v2\/pages\/8\/revisions\/167"}],"wp:attachment":[{"href":"https:\/\/laub-tech.hu\/wordpress\/wp-json\/wp\/v2\/media?parent=8"}],"curies":[{"name":"wp","href":"https:\/\/api.w.org\/{rel}","templated":true}]}}