{"id":88,"date":"2022-07-20T13:24:25","date_gmt":"2022-07-20T13:24:25","guid":{"rendered":"https:\/\/laub-tech.hu\/wordpress\/?page_id=88"},"modified":"2023-07-19T21:06:30","modified_gmt":"2023-07-19T21:06:30","slug":"refund_returns","status":"publish","type":"page","link":"https:\/\/laub-tech.hu\/wordpress\/refund_returns\/","title":{"rendered":"Visszat\u00e9r\u00edt\u00e9si \u00e9s visszak\u00fcld\u00e9si szab\u00e1lyzat"},"content":{"rendered":"\n<p><\/p>\n\n\n\n<h2 class=\"wp-block-heading\"><strong>\u00c1ttekint\u00e9s<\/strong><\/h2>\n\n\n\n<p>Visszat\u00e9r\u00edt\u00e9si \u00e9s visszak\u00fcld\u00e9si szab\u00e1lyzatunk 30 napig \u00e9rv\u00e9nyes. Ha a v\u00e1s\u00e1rl\u00e1s \u00f3ta eltelt 30 nap, nem \u00e1ll m\u00f3dunkban teljes visszat\u00e9r\u00edt\u00e9st vagy cser\u00e9t biztos\u00edtani.<\/p>\n\n\n\n<p>Ahhoz, hogy a term\u00e9k visszak\u00fcldhet\u0151 legyen, haszn\u00e1laton k\u00edv\u00fcl kell lennie, \u00e9s ugyanolyan \u00e1llapotban kell lennie, mint ahogyan azt megkapta. Ennek is az eredeti csomagol\u00e1sban kell lennie.<\/p>\n\n\n\n<p>T\u00f6bbf\u00e9le \u00e1ru mentes\u00fcl a visszak\u00fcld\u00e9s al\u00f3l. A romland\u00f3 \u00e1ruk, p\u00e9ld\u00e1ul \u00e9lelmiszerek, vir\u00e1gok, \u00fajs\u00e1gok vagy magazinok nem k\u00fcldhet\u0151k vissza. Nem fogadunk el olyan term\u00e9keket sem, amelyek intim vagy eg\u00e9szs\u00e9g\u00fcgyi term\u00e9kek, vesz\u00e9lyes anyagok vagy gy\u00fal\u00e9kony folyad\u00e9kok vagy g\u00e1zok.<\/p>\n\n\n\n<h2 class=\"wp-block-heading\"><strong>Tov\u00e1bbi vissza nem t\u00e9r\u00edtend\u0151 term\u00e9kek:<\/strong><\/h2>\n\n\n\n<p>Aj\u00e1nd\u00e9kk\u00e1rtya<br>Let\u00f6lthet\u0151 szoftverterm\u00e9kek<br>N\u00e9h\u00e1ny eg\u00e9szs\u00e9g\u00fcgyi \u00e9s test\u00e1pol\u00e1si cikk<\/p>\n\n\n\n<p>A visszak\u00fcld\u00e9s befejez\u00e9s\u00e9hez nyugt\u00e1ra vagy v\u00e1s\u00e1rl\u00e1si bizonylatra van sz\u00fcks\u00e9g\u00fcnk.<\/p>\n\n\n\n<p>K\u00e9rj\u00fck, ne k\u00fcldje vissza a v\u00e1s\u00e1rl\u00e1st a gy\u00e1rt\u00f3nak.<\/p>\n\n\n\n<p>Vannak olyan helyzetek, amikor csak r\u00e9szleges visszat\u00e9r\u00edt\u00e9st ny\u00fajtanak:<\/p>\n\n\n\n<p>Felt\u0171n\u0151 haszn\u00e1lati nyomokkal rendelkez\u0151 k\u00f6nyv<br>CD, DVD, VHS kazetta, szoftver, videoj\u00e1t\u00e9k, kazett\u00e1s magn\u00f3 vagy bakelit lemez, amelyet kinyitottak.<br>B\u00e1rmely elem, amely nem az eredeti \u00e1llapot\u00e1ban van, s\u00e9r\u00fclt, vagy nem a mi hib\u00e1nkb\u00f3l ered\u0151 okokb\u00f3l hi\u00e1nyoznak alkatr\u00e9szei.<br>Minden olyan t\u00e9tel, amelyet a kisz\u00e1ll\u00edt\u00e1s ut\u00e1n t\u00f6bb mint 30 nappal visszak\u00fcldenek<\/p>\n\n\n\n<h2 class=\"wp-block-heading\"><strong>Visszat\u00e9r\u00edt\u00e9sek<\/strong><\/h2>\n\n\n\n<p>Miut\u00e1n meg\u00e9rkezett \u00e9s megvizsg\u00e1ltuk a visszak\u00fcld\u00e9st, e-mailben \u00e9rtes\u00edtj\u00fck, hogy megkaptuk a visszak\u00fcld\u00f6tt term\u00e9ket. A visszat\u00e9r\u00edt\u00e9s j\u00f3v\u00e1hagy\u00e1s\u00e1r\u00f3l vagy elutas\u00edt\u00e1s\u00e1r\u00f3l is \u00e9rtes\u00edtj\u00fck.<\/p>\n\n\n\n<p>Ha j\u00f3v\u00e1hagyj\u00e1k, visszat\u00e9r\u00edt\u00e9s\u00e9t feldolgozzuk, \u00e9s bizonyos napokon bel\u00fcl automatikusan j\u00f3v\u00e1\u00edrjuk hitelk\u00e1rty\u00e1j\u00e1t vagy az eredeti fizet\u00e9si m\u00f3dot.<\/p>\n\n\n\n<h2 class=\"wp-block-heading\"><strong>K\u00e9s\u0151 vagy hi\u00e1nyz\u00f3 visszat\u00e9r\u00edt\u00e9s<\/strong><\/h2>\n\n\n\n<p>Ha m\u00e9g nem kapott visszat\u00e9r\u00edt\u00e9st, el\u0151sz\u00f6r ellen\u0151rizze \u00fajra banksz\u00e1ml\u00e1j\u00e1t.<\/p>\n\n\n\n<p>Ezut\u00e1n vegye fel a kapcsolatot hitelk\u00e1rtya-kibocs\u00e1t\u00f3j\u00e1val; eltarthat egy ideig, am\u00edg a visszat\u00e9r\u00edt\u00e9s hivatalosan megjelenik.<\/p>\n\n\n\n<p>Ezut\u00e1n l\u00e9pjen kapcsolatba a bankj\u00e1val. A visszat\u00e9r\u00edt\u00e9s elk\u00fcld\u00e9se el\u0151tt gyakran van n\u00e9mi feldolgoz\u00e1si id\u0151.<\/p>\n\n\n\n<p>Ha mindezt megtette, \u00e9s m\u00e9g mindig nem kapta meg a visszat\u00e9r\u00edt\u00e9st, k\u00e9rj\u00fck, vegye fel vel\u00fcnk a kapcsolatot a k\u00f6vetkez\u0151 c\u00edmen: laub-tech(kukac)laub-tech.hu.<\/p>\n\n\n\n<h2 class=\"wp-block-heading\"><strong>Elad\u00f3 t\u00e9telek<\/strong><\/h2>\n\n\n\n<p>Csak a norm\u00e1l \u00e1r\u00fa term\u00e9kek ut\u00e1n t\u00e9r\u00edthet\u0151 vissza. Az akci\u00f3s term\u00e9kek nem t\u00e9r\u00edthet\u0151k vissza.<\/p>\n\n\n\n<h2 class=\"wp-block-heading\"><strong>Cser\u00e9k<\/strong><\/h2>\n\n\n\n<p>Csak akkor cser\u00e9lj\u00fck ki az elemeket, ha azok hib\u00e1sak vagy s\u00e9r\u00fcltek. Ha ki kell cser\u00e9lnie ugyanarra a t\u00e9telre, k\u00fcldj\u00f6n egy e-mailt a(z) laub-tech(kukac)laub-tech.hu c\u00edmre, \u00e9s k\u00fcldje el a term\u00e9ket a k\u00f6vetkez\u0151 c\u00edmre: H-2800 Tatab\u00e1nya, Teleki L\u00e1szl\u00f3 \u00dat 11..<\/p>\n\n\n\n<h2 class=\"wp-block-heading\"><strong>Aj\u00e1nd\u00e9kok<\/strong><\/h2>\n\n\n\n<p>Ha a term\u00e9ket a v\u00e1s\u00e1rl\u00e1skor aj\u00e1nd\u00e9kk\u00e9nt jel\u00f6lt\u00e9k meg, \u00e9s k\u00f6zvetlen\u00fcl \u00d6nnek sz\u00e1ll\u00edtott\u00e1k, akkor a visszak\u00fcld\u00e9s \u00e9rt\u00e9k\u00e9nek megfelel\u0151 aj\u00e1nd\u00e9k j\u00f3v\u00e1\u00edr\u00e1st kap. A visszak\u00fcld\u00f6tt term\u00e9k k\u00e9zhezv\u00e9tele ut\u00e1n aj\u00e1nd\u00e9kutalv\u00e1nyt k\u00fcld\u00fcnk \u00d6nnek.<\/p>\n\n\n\n<p>Ha a term\u00e9ket nem jel\u00f6lt\u00e9k meg aj\u00e1nd\u00e9kk\u00e9nt a v\u00e1s\u00e1rl\u00e1skor, vagy az aj\u00e1nd\u00e9koz\u00f3 saj\u00e1t mag\u00e1nak k\u00fcldte ki a rendel\u00e9st, hogy k\u00e9s\u0151bb \u00e1tadhassa \u00d6nnek, visszak\u00fcldj\u00fck az aj\u00e1nd\u00e9koz\u00f3nak, \u00e9s \u0151 t\u00e1j\u00e9koz\u00f3dik a visszak\u00fcld\u00e9sr\u0151l.<\/p>\n\n\n\n<h2 class=\"wp-block-heading\"><strong>Sz\u00e1ll\u00edt\u00e1si visszak\u00fcld\u00e9sek<\/strong><\/h2>\n\n\n\n<p>A term\u00e9k visszak\u00fcld\u00e9s\u00e9hez postai \u00faton kell elk\u00fcldenie a term\u00e9ket a k\u00f6vetkez\u0151 c\u00edmre: <strong>H-2800<\/strong> Tatab\u00e1nya, Teleki L\u00e1szl\u00f3 \u00dat 11.<\/p>\n\n\n\n<p>A term\u00e9k visszak\u00fcld\u00e9se eset\u00e9n \u00d6nt terheli a saj\u00e1t sz\u00e1ll\u00edt\u00e1si k\u00f6lts\u00e9ge. A sz\u00e1ll\u00edt\u00e1si k\u00f6lts\u00e9g nem visszat\u00e9r\u00edthet\u0151. Ha visszat\u00e9r\u00edt\u00e9st kap, a visszak\u00fcld\u00e9s k\u00f6lts\u00e9ge levon\u00e1sra ker\u00fcl a visszat\u00e9r\u00edt\u00e9sb\u0151l.<\/p>\n\n\n\n<p>\u00c9lethely\u00e9t\u0151l f\u00fcgg\u0151en v\u00e1ltozhat az id\u0151, am\u00edg a kicser\u00e9lt term\u00e9k meg\u00e9rkezik \u00d6nh\u00f6z.<\/p>\n\n\n\n<p>Ha dr\u00e1g\u00e1bb t\u00e9teleket k\u00fcld vissza, \u00e9rdemes lehet nyomon k\u00f6vethet\u0151 sz\u00e1ll\u00edt\u00e1si szolg\u00e1ltat\u00e1st ig\u00e9nybe venni, vagy sz\u00e1ll\u00edt\u00e1si biztos\u00edt\u00e1st k\u00f6tni. Nem garant\u00e1ljuk, hogy megkapjuk a visszak\u00fcld\u00f6tt term\u00e9ket.<\/p>\n\n\n\n<h2 class=\"wp-block-heading\"><strong>Seg\u00edts\u00e9gre szorul?<\/strong><\/h2>\n\n\n\n<p>A visszat\u00e9r\u00edt\u00e9ssel \u00e9s visszak\u00fcld\u00e9ssel kapcsolatos k\u00e9rd\u00e9seivel forduljon hozz\u00e1nk a(z)<em><strong> laub-tech@laub-tech.hu<\/strong><\/em> c\u00edmen.<\/p>\n","protected":false},"excerpt":{"rendered":"<p>\u00c1ttekint\u00e9s Visszat\u00e9r\u00edt\u00e9si \u00e9s visszak\u00fcld\u00e9si szab\u00e1lyzatunk 30 napig \u00e9rv\u00e9nyes. Ha a v\u00e1s\u00e1rl\u00e1s \u00f3ta eltelt 30 nap, nem \u00e1ll m\u00f3dunkban teljes visszat\u00e9r\u00edt\u00e9st vagy cser\u00e9t biztos\u00edtani. Ahhoz, hogy a term\u00e9k visszak\u00fcldhet\u0151 legyen, haszn\u00e1laton k\u00edv\u00fcl kell lennie, \u00e9s ugyanolyan \u00e1llapotban kell lennie, mint ahogyan azt megkapta. Ennek is az eredeti csomagol\u00e1sban kell lennie. T\u00f6bbf\u00e9le \u00e1ru mentes\u00fcl a visszak\u00fcld\u00e9s al\u00f3l. &hellip; <\/p>\n<p class=\"link-more\"><a href=\"https:\/\/laub-tech.hu\/wordpress\/refund_returns\/\" class=\"more-link\"><span class=\"screen-reader-text\">&#8222;Visszat\u00e9r\u00edt\u00e9si \u00e9s visszak\u00fcld\u00e9si szab\u00e1lyzat&#8221;<\/span> b\u0151vebben<\/a><\/p>\n","protected":false},"author":2,"featured_media":0,"parent":0,"menu_order":0,"comment_status":"closed","ping_status":"closed","template":"","meta":{"footnotes":""},"class_list":["post-88","page","type-page","status-publish","hentry"],"_links":{"self":[{"href":"https:\/\/laub-tech.hu\/wordpress\/wp-json\/wp\/v2\/pages\/88","targetHints":{"allow":["GET"]}}],"collection":[{"href":"https:\/\/laub-tech.hu\/wordpress\/wp-json\/wp\/v2\/pages"}],"about":[{"href":"https:\/\/laub-tech.hu\/wordpress\/wp-json\/wp\/v2\/types\/page"}],"author":[{"embeddable":true,"href":"https:\/\/laub-tech.hu\/wordpress\/wp-json\/wp\/v2\/users\/2"}],"replies":[{"embeddable":true,"href":"https:\/\/laub-tech.hu\/wordpress\/wp-json\/wp\/v2\/comments?post=88"}],"version-history":[{"count":5,"href":"https:\/\/laub-tech.hu\/wordpress\/wp-json\/wp\/v2\/pages\/88\/revisions"}],"predecessor-version":[{"id":215,"href":"https:\/\/laub-tech.hu\/wordpress\/wp-json\/wp\/v2\/pages\/88\/revisions\/215"}],"wp:attachment":[{"href":"https:\/\/laub-tech.hu\/wordpress\/wp-json\/wp\/v2\/media?parent=88"}],"curies":[{"name":"wp","href":"https:\/\/api.w.org\/{rel}","templated":true}]}}