{"id":101,"date":"2021-11-29T16:23:44","date_gmt":"2021-11-29T16:23:44","guid":{"rendered":"https:\/\/laub-tech.hu\/wordpress\/?post_type=product&#038;p=101"},"modified":"2021-12-01T12:54:26","modified_gmt":"2021-12-01T12:54:26","slug":"zep-foaming-coil-cleaner","status":"publish","type":"product","link":"https:\/\/laub-tech.hu\/wordpress\/termek\/zep-foaming-coil-cleaner\/","title":{"rendered":"ZEP FOAMING COIL CLEANER"},"content":{"rendered":"<div id=\"tab-description\" class=\"woocommerce-Tabs-panel woocommerce-Tabs-panel--description panel entry-content wc-tab\" role=\"tabpanel\" aria-labelledby=\"tab-title-description\">\n<p>Szuper tiszt\u00edt\u00f3szer l\u00e9gkondicion\u00e1l\u00f3 rendszerekhez<\/p>\n<ul>\n<li>A Foaming Coil Cleaner spray gyorsan behatol a szennyez\u0151d\u00e9sekbe, \u00e9s hat\u00e9konyan elt\u00e1vol\u00edtja a\u00a0 lerak\u00f3dott sz\u0151rcsom\u00f3kat, kormot, k\u00e1tr\u00e1nyt \u00e9s olajokat.<\/li>\n<li>A b\u0151 habz\u00e1s\u00fa anyag k\u00f6nnyen bef\u00fajhat\u00f3, \u00e9s a hab meghosszabb\u00edtja a szer hat\u00e1s\u00e1t.<\/li>\n<li>Automatikusan ki\u00f6bl\u00edt\u0151dik a rendszer term\u00e9szetes kondenz\u00e1ci\u00f3j\u00e1val.<\/li>\n<li>A speci\u00e1lis szeleptoldal\u00e9k seg\u00edts\u00e9g\u00e9vel b\u00e1rmilyen ir\u00e1nyba ki lehet f\u00fajni a szert, ami lehet\u0151v\u00e9 teszi a nehezen hozz\u00e1f\u00e9rhet\u0151 helyek tiszt\u00edt\u00e1s\u00e1t is.<\/li>\n<li>A haszn\u00e1lata id\u0151t \u00e9s munkaer\u0151t\u00a0 takar\u00edt meg.<\/li>\n<li>A Foaming Coil Cleaner nagyobb teljes\u00edtm\u00e9nyt, \u00e9s alacsonyabb \u00fczemeltet\u00e9si k\u00f6lts\u00e9geket biztos\u00edt.<\/li>\n<\/ul>\n<p><strong>A term\u00e9k \u00e1r\u00e1val kapcsolatban k\u00e9rjen aj\u00e1nlatot!<\/strong><\/p>\n<\/div>\n","protected":false},"excerpt":{"rendered":"<p>Tiszt\u00edt\u00f3hab l\u00e9gkondicion\u00e1l\u00f3 rendszerekhez<\/p>\n<p>Kiszerel\u00e9s: 590 ml<\/p>\n<h2>ADATLAP<\/h2>\n<p><a href=\"https:\/\/laub-tech.hu\/wordpress\/wp-content\/uploads\/2021\/11\/ZEP-FOAMING-COIL-CLEANER.pdf\">ZEP-FOAMING-COIL CLEANER<\/a><\/p>\n","protected":false},"featured_media":102,"template":"","meta":[],"product_cat":[21],"product_tag":[],"class_list":["post-101","product","type-product","status-publish","has-post-thumbnail","hentry","product_cat-klimafertotlenitok"],"_links":{"self":[{"href":"https:\/\/laub-tech.hu\/wordpress\/wp-json\/wp\/v2\/product\/101","targetHints":{"allow":["GET"]}}],"collection":[{"href":"https:\/\/laub-tech.hu\/wordpress\/wp-json\/wp\/v2\/product"}],"about":[{"href":"https:\/\/laub-tech.hu\/wordpress\/wp-json\/wp\/v2\/types\/product"}],"wp:featuredmedia":[{"embeddable":true,"href":"https:\/\/laub-tech.hu\/wordpress\/wp-json\/wp\/v2\/media\/102"}],"wp:attachment":[{"href":"https:\/\/laub-tech.hu\/wordpress\/wp-json\/wp\/v2\/media?parent=101"}],"wp:term":[{"taxonomy":"product_cat","embeddable":true,"href":"https:\/\/laub-tech.hu\/wordpress\/wp-json\/wp\/v2\/product_cat?post=101"},{"taxonomy":"product_tag","embeddable":true,"href":"https:\/\/laub-tech.hu\/wordpress\/wp-json\/wp\/v2\/product_tag?post=101"}],"curies":[{"name":"wp","href":"https:\/\/api.w.org\/{rel}","templated":true}]}}