{"id":103,"date":"2021-11-29T16:29:27","date_gmt":"2021-11-29T16:29:27","guid":{"rendered":"https:\/\/laub-tech.hu\/wordpress\/?post_type=product&#038;p=103"},"modified":"2021-12-01T12:55:42","modified_gmt":"2021-12-01T12:55:42","slug":"zep-venture","status":"publish","type":"product","link":"https:\/\/laub-tech.hu\/wordpress\/termek\/zep-venture\/","title":{"rendered":"ZEP VENTURE"},"content":{"rendered":"<div id=\"tab-description\" class=\"woocommerce-Tabs-panel woocommerce-Tabs-panel--description panel entry-content wc-tab\" role=\"tabpanel\" aria-labelledby=\"tab-title-description\">\n<p>Fel\u00fclettiszt\u00edt\u00f3 szer<\/p>\n<p>B\u00e1rmilyen f\u00e9m, \u00fcveg, m\u0171anyag, k\u0151, festett \u00e9s lamin\u00e1lt fel\u00fcletekre, f\u00fcrd\u0151k\u00e1dakra, eg\u00e9szs\u00e9g\u00fcgyi ker\u00e1mi\u00e1ra, irodai asztalokra, telefonokra, b\u00fatorokra, mosogat\u00f3kra, zuhanyoz\u00f3kra, csaptelepekre, l\u00e9gsz\u0171r\u0151kre.<br \/>\nLakoss\u00e1gi felhaszn\u00e1l\u00e1s mellett k\u00f3rh\u00e1zak, tornatermek, sportcsarnokok, \u00f6regek otthona, orvosi rendel\u0151k, iskol\u00e1k, sz\u00e1llod\u00e1k, szanat\u00f3riumok, gy\u00f3gyf\u00fcrd\u0151k.<\/p>\n<p><strong>A term\u00e9k \u00e1r\u00e1val kapcsolatban k\u00e9rjen aj\u00e1nlatot!<\/strong><\/p>\n<\/div>\n","protected":false},"excerpt":{"rendered":"<p>Kett\u0151s hat\u00e1s\u00fa tiszt\u00edt\u00f3hab<\/p>\n<p>Kiszerel\u00e9s: 600 ml<\/p>\n<h2>ADATLAP<\/h2>\n<p><a href=\"https:\/\/laub-tech.hu\/wordpress\/wp-content\/uploads\/2021\/11\/ZEP-VENTURE.pdf\">ZEP-VENTURE<\/a><\/p>\n","protected":false},"featured_media":104,"template":"","meta":[],"product_cat":[23,21],"product_tag":[],"class_list":["post-103","product","type-product","status-publish","has-post-thumbnail","hentry","product_cat-feluletttisztitok","product_cat-klimafertotlenitok"],"_links":{"self":[{"href":"https:\/\/laub-tech.hu\/wordpress\/wp-json\/wp\/v2\/product\/103","targetHints":{"allow":["GET"]}}],"collection":[{"href":"https:\/\/laub-tech.hu\/wordpress\/wp-json\/wp\/v2\/product"}],"about":[{"href":"https:\/\/laub-tech.hu\/wordpress\/wp-json\/wp\/v2\/types\/product"}],"wp:featuredmedia":[{"embeddable":true,"href":"https:\/\/laub-tech.hu\/wordpress\/wp-json\/wp\/v2\/media\/104"}],"wp:attachment":[{"href":"https:\/\/laub-tech.hu\/wordpress\/wp-json\/wp\/v2\/media?parent=103"}],"wp:term":[{"taxonomy":"product_cat","embeddable":true,"href":"https:\/\/laub-tech.hu\/wordpress\/wp-json\/wp\/v2\/product_cat?post=103"},{"taxonomy":"product_tag","embeddable":true,"href":"https:\/\/laub-tech.hu\/wordpress\/wp-json\/wp\/v2\/product_tag?post=103"}],"curies":[{"name":"wp","href":"https:\/\/api.w.org\/{rel}","templated":true}]}}