{"id":105,"date":"2021-11-29T16:31:51","date_gmt":"2021-11-29T16:31:51","guid":{"rendered":"https:\/\/laub-tech.hu\/wordpress\/?post_type=product&#038;p=105"},"modified":"2021-12-01T12:54:52","modified_gmt":"2021-12-01T12:54:52","slug":"zep-bioflush-pb","status":"publish","type":"product","link":"https:\/\/laub-tech.hu\/wordpress\/termek\/zep-bioflush-pb\/","title":{"rendered":"ZEP BIOFLUSH PB"},"content":{"rendered":"<p>Biol\u00f3giai tiszt\u00edt\u00f3t\u00f6mb\u00f6k piszo\u00e1rokhoz<\/p>\n<ul>\n<li>Megtiszt\u00edtja a piszo\u00e1rokat, megsz\u00fcnteti a kellemetlen illatokat, \u00e1polja a lefoly\u00f3t.<\/li>\n<li>Bakt\u00e9riumokat \u00e9s hat\u00e9kony tiszt\u00edt\u00f3komponenseket tartalmaz, melyek sz\u00e1mos szerves anyagot lebontanak a csatorn\u00e1kban illetve piszo\u00e1rokban.<\/li>\n<li>Helyettes\u00edti a klasszikus vegyi k\u00e9sz\u00edtm\u00e9nyeket: nem tartalmaz paradikl\u00f3r-benzolt.<\/li>\n<li>A ker\u00e1mi\u00e1n nem hagy foltot.<\/li>\n<li>Egyszer\u0171en haszn\u00e1lhat\u00f3 \u00e9s hat\u00e9kony<\/li>\n<li>Kev\u00e9s kezel\u00e9st ig\u00e9nyel, nem t\u00f6m\u00edti el a lefoly\u00f3t.<\/li>\n<li>Minden piszo\u00e1rt\u00edpushoz haszn\u00e1lhat\u00f3.<\/li>\n<li>Kellemes citrom illat\u00fa.<\/li>\n<li>Nem gy\u00fal\u00e9kony<\/li>\n<li>90 %-ig biol\u00f3giailag lebomlik.<\/li>\n<\/ul>\n<p><strong>A term\u00e9k \u00e1r\u00e1val kapcsolatban k\u00e9rjen aj\u00e1nlatot!<\/strong><\/p>\n","protected":false},"excerpt":{"rendered":"<p>Biol\u00f3giai tiszt\u00edt\u00f3g\u00f6mb\u00f6k piszo\u00e1rokhoz<\/p>\n<p>Kiszerel\u00e9s: 75 db<\/p>\n<h2>ADATLAP<\/h2>\n<p><a href=\"https:\/\/laub-tech.hu\/wordpress\/wp-content\/uploads\/2021\/11\/ZEP-BIOFLUSH-PB.pdf\">ZEP-BIOFLUSH-PB<\/a><\/p>\n","protected":false},"featured_media":106,"template":"","meta":[],"product_cat":[25],"product_tag":[],"class_list":["post-105","product","type-product","status-publish","has-post-thumbnail","hentry","product_cat-szanitertisztitok"],"_links":{"self":[{"href":"https:\/\/laub-tech.hu\/wordpress\/wp-json\/wp\/v2\/product\/105","targetHints":{"allow":["GET"]}}],"collection":[{"href":"https:\/\/laub-tech.hu\/wordpress\/wp-json\/wp\/v2\/product"}],"about":[{"href":"https:\/\/laub-tech.hu\/wordpress\/wp-json\/wp\/v2\/types\/product"}],"wp:featuredmedia":[{"embeddable":true,"href":"https:\/\/laub-tech.hu\/wordpress\/wp-json\/wp\/v2\/media\/106"}],"wp:attachment":[{"href":"https:\/\/laub-tech.hu\/wordpress\/wp-json\/wp\/v2\/media?parent=105"}],"wp:term":[{"taxonomy":"product_cat","embeddable":true,"href":"https:\/\/laub-tech.hu\/wordpress\/wp-json\/wp\/v2\/product_cat?post=105"},{"taxonomy":"product_tag","embeddable":true,"href":"https:\/\/laub-tech.hu\/wordpress\/wp-json\/wp\/v2\/product_tag?post=105"}],"curies":[{"name":"wp","href":"https:\/\/api.w.org\/{rel}","templated":true}]}}