{"id":107,"date":"2021-11-29T16:35:29","date_gmt":"2021-11-29T16:35:29","guid":{"rendered":"https:\/\/laub-tech.hu\/wordpress\/?post_type=product&#038;p=107"},"modified":"2021-12-01T12:52:03","modified_gmt":"2021-12-01T12:52:03","slug":"zep-natura-splash","status":"publish","type":"product","link":"https:\/\/laub-tech.hu\/wordpress\/termek\/zep-natura-splash\/","title":{"rendered":"ZEP NATURA SPLASH"},"content":{"rendered":"<p>Bio tiszt\u00edt\u00f3 \u00e9s dezodor\u00e1l\u00f3 szer higi\u00e9niai helys\u00e9gekhez<\/p>\n<ul>\n<li>Rendk\u00edv\u00fcl hat\u00e9kony tiszt\u00edt\u00f3szer higi\u00e9niai helys\u00e9gek fel\u00fcleteinek a tiszt\u00edt\u00e1s\u00e1hoz: padl\u00f3k, ki\u00f6nt\u0151k, falak, zuhanyoz\u00f3k, f\u00fcrd\u0151szob\u00e1k, t\u00fckr\u00f6k, \u00fcvegek, WC-kagyl\u00f3k, piszo\u00e1rok, valamint egy\u00e9b rozsdamentes, kr\u00f3m, m\u00e1rv\u00e1ny, polimer, ker\u00e1mia \u00e9s akril fel\u00fcletek, stb.<\/li>\n<li>Megsz\u00fcnteti a kellemetlen vizelet \u00e9s sz\u00e9klet szagokat.<\/li>\n<li>Nem kell \u00f6bl\u00edteni, p\u00e9nzt \u00e9s id\u0151t takar\u00edt meg.<\/li>\n<li>Ultra specializ\u00e1lt bakt\u00e9riumokat tartalmaz: folyamatosan tiszt\u00edt, bio-r\u00e9teget hoz l\u00e9tre, amely megk\u00f6nny\u00edti a k\u00e9s\u0151bbi tiszt\u00edt\u00e1sokat, m\u00e9ly tiszt\u00edt\u00e1st v\u00e9gez (por\u00f3zus \u00e9s egyenetlen fel\u00fcleteken).<\/li>\n<li>Akt\u00edv erjeszt\u0151 kivonatokat tartalmaz: azonnal \u00e9s biol\u00f3giai \u00faton hat, kiv\u00e1l\u00f3 zs\u00edrtalan\u00edt\u00f3 hat\u00e1s\u00fa.<\/li>\n<li>H\u00e1rmas hat\u00e1s: az azonnal tiszt\u00edt\u00f3 fel\u00fcletakt\u00edv anyagok hat\u00e1s\u00e1t az enzimek \u00e9s a bakt\u00e9riumok meghosszabb\u00edtj\u00e1k.<\/li>\n<li>Gazdas\u00e1gos: 1 \u00f7 3%-os h\u00edg\u00edt\u00e1s\u00fa oldatot kell haszn\u00e1lni.<\/li>\n<li>Megsz\u00fcnteti a szagokat, \u00e9s megel\u0151zi a lefoly\u00f3k eldugul\u00e1s\u00e1t.<\/li>\n<li>pH semleges: nem marja meg a fel\u00fcleteket.<\/li>\n<li>A sepr\u0171 sz\u00e1lait nem k\u00e1ros\u00edtja, azok tiszt\u00e1k maradnak \u00e9s nem lesz szaguk.<\/li>\n<\/ul>\n<p><strong>A term\u00e9k \u00e1r\u00e1val kapcsolatban k\u00e9rjen aj\u00e1nlatot!<\/strong><\/p>\n","protected":false},"excerpt":{"rendered":"<p>Biol\u00f3giai tiszt\u00edt\u00f3 \u00e9s dezodor\u00e1l\u00f3 szer higi\u00e9niai helyis\u00e9gekhez<\/p>\n<p>Kiszerel\u00e9s: 5 liter<\/p>\n<h2>ADATLAP<\/h2>\n<p><a href=\"https:\/\/laub-tech.hu\/wordpress\/wp-content\/uploads\/2021\/11\/ZEP-NATURA-SPLASH.pdf\">ZEP-NATURA-SPLASH<\/a><\/p>\n","protected":false},"featured_media":108,"template":"","meta":[],"product_cat":[25],"product_tag":[],"class_list":["post-107","product","type-product","status-publish","has-post-thumbnail","hentry","product_cat-szanitertisztitok"],"_links":{"self":[{"href":"https:\/\/laub-tech.hu\/wordpress\/wp-json\/wp\/v2\/product\/107","targetHints":{"allow":["GET"]}}],"collection":[{"href":"https:\/\/laub-tech.hu\/wordpress\/wp-json\/wp\/v2\/product"}],"about":[{"href":"https:\/\/laub-tech.hu\/wordpress\/wp-json\/wp\/v2\/types\/product"}],"wp:featuredmedia":[{"embeddable":true,"href":"https:\/\/laub-tech.hu\/wordpress\/wp-json\/wp\/v2\/media\/108"}],"wp:attachment":[{"href":"https:\/\/laub-tech.hu\/wordpress\/wp-json\/wp\/v2\/media?parent=107"}],"wp:term":[{"taxonomy":"product_cat","embeddable":true,"href":"https:\/\/laub-tech.hu\/wordpress\/wp-json\/wp\/v2\/product_cat?post=107"},{"taxonomy":"product_tag","embeddable":true,"href":"https:\/\/laub-tech.hu\/wordpress\/wp-json\/wp\/v2\/product_tag?post=107"}],"curies":[{"name":"wp","href":"https:\/\/api.w.org\/{rel}","templated":true}]}}