{"id":172,"date":"2023-03-12T10:42:25","date_gmt":"2023-03-12T10:42:25","guid":{"rendered":"https:\/\/laub-tech.hu\/wordpress\/?post_type=product&#038;p=172"},"modified":"2023-03-12T10:46:48","modified_gmt":"2023-03-12T10:46:48","slug":"laube-500-antistatic-power","status":"publish","type":"product","link":"https:\/\/laub-tech.hu\/wordpress\/termek\/laube-500-antistatic-power\/","title":{"rendered":"Laube 500 Antistatic Power"},"content":{"rendered":"<h1>Term\u00e9k le\u00edr\u00e1sa<\/h1>\n<p>Sokoldal\u00faan alkalmazhat\u00f3. A kezelt fel\u00fcleten egy monomolekul\u00e1s filmr\u00e9teget k\u00e9pez, amely tasz\u00edtja az ujjlenyomatokat, szennyez\u0151d\u00e9seket \u00e9s a statikus fesz\u00fclts\u00e9get. P\u00e1ramentes\u00edt\u0151 hat\u00e1ssal is rendelkezik. K\u00f6rnyezetbar\u00e1t term\u00e9k,<br \/>\nmert t\u00f6bb mint 90%-ban biol\u00f3giai \u00faton leboml\u00f3.<\/p>\n<h1>Felhaszn\u00e1l\u00e1s<\/h1>\n<p>Gyeng\u00e9den tiszt\u00edt minden fel\u00fcleten, mint pl. \u00fcveg, aut\u00f3 sz\u00e9lv\u00e9d\u0151, t\u00fckr\u00f6k,<br \/>\nkrist\u00e1ly, csempe, porcel\u00e1n, m\u0171anyag, ker\u00e1mia, f\u00e9m, TV k\u00e9perny\u0151k, sz\u00e1m\u00edt\u00f3g\u00e9p-<br \/>\nk\u00e9perny\u0151k, stb. Hosszan tart\u00f3 portalan\u00edt\u00f3 hat\u00e1ssal b\u00edr.<\/p>\n<h1>Haszn\u00e1lati utas\u00edt\u00e1s<\/h1>\n<p>Porlaszt\u00e1s \u00fatj\u00e1n, ruh\u00e1val vagy szivaccsal juttathat\u00f3 fel a tiszt\u00edtani k\u00edv\u00e1nt<br \/>\nfel\u00fcletre. T\u00f6r\u00f6lje le egy tiszta, sz\u00e1raz ruh\u00e1val. Fokozott szennyezetts\u00e9g eset\u00e9n<br \/>\nalkalmaz\u00e1sa el\u0151tt zs\u00edrtalan\u00edtsa a fel\u00fcletet.<\/p>\n<h1>Tulajdons\u00e1gok<\/h1>\n<ul>\n<li>Halmaz\u00e1llapot: foly\u00e9kony<\/li>\n<li>Sz\u00edn: z\u00f6ld<\/li>\n<li>pH \u00e9rt\u00e9k: 7,5<\/li>\n<\/ul>\n","protected":false},"excerpt":{"rendered":"<p>A Laube 500 Antistatic Power egy portasz\u00edt\u00f3 tiszt\u00edt\u00f3szer.<\/p>\n<h2>ADATLAP<\/h2>\n<p><a href=\"https:\/\/laub-tech.hu\/wordpress\/wp-content\/uploads\/2023\/03\/LAUBE-500-SOPHIE-TECH..pdf\">LAUBE-500-SOPHIE-TECH.<\/a><\/p>\n","protected":false},"featured_media":173,"template":"","meta":[],"product_cat":[23],"product_tag":[],"class_list":["post-172","product","type-product","status-publish","has-post-thumbnail","hentry","product_cat-feluletttisztitok"],"_links":{"self":[{"href":"https:\/\/laub-tech.hu\/wordpress\/wp-json\/wp\/v2\/product\/172","targetHints":{"allow":["GET"]}}],"collection":[{"href":"https:\/\/laub-tech.hu\/wordpress\/wp-json\/wp\/v2\/product"}],"about":[{"href":"https:\/\/laub-tech.hu\/wordpress\/wp-json\/wp\/v2\/types\/product"}],"wp:featuredmedia":[{"embeddable":true,"href":"https:\/\/laub-tech.hu\/wordpress\/wp-json\/wp\/v2\/media\/173"}],"wp:attachment":[{"href":"https:\/\/laub-tech.hu\/wordpress\/wp-json\/wp\/v2\/media?parent=172"}],"wp:term":[{"taxonomy":"product_cat","embeddable":true,"href":"https:\/\/laub-tech.hu\/wordpress\/wp-json\/wp\/v2\/product_cat?post=172"},{"taxonomy":"product_tag","embeddable":true,"href":"https:\/\/laub-tech.hu\/wordpress\/wp-json\/wp\/v2\/product_tag?post=172"}],"curies":[{"name":"wp","href":"https:\/\/api.w.org\/{rel}","templated":true}]}}