{"id":180,"date":"2023-03-12T10:54:47","date_gmt":"2023-03-12T10:54:47","guid":{"rendered":"https:\/\/laub-tech.hu\/wordpress\/?post_type=product&#038;p=180"},"modified":"2023-03-12T10:54:47","modified_gmt":"2023-03-12T10:54:47","slug":"laube-kitchen","status":"publish","type":"product","link":"https:\/\/laub-tech.hu\/wordpress\/termek\/laube-kitchen\/","title":{"rendered":"LAUBE KITCHEN"},"content":{"rendered":"<p>K\u00e9tf\u00e1zis\u00fa tiszt\u00edt\u00f3szer<\/p>\n<h1>Term\u00e9k le\u00edr\u00e1sa<\/h1>\n<p>A speci\u00e1lis tiszt\u00edt\u00f3 k\u00f6nnyed\u00e9n elt\u00e1vol\u00edtja a h\u00e9tk\u00f6znapi szennyez\u0151d\u00e9seket a<br \/>\nh\u00e1ztart\u00e1sban. Egyar\u00e1nt haszn\u00e1lhat\u00f3 a f\u00fcrd\u0151szob\u00e1ban \u00e9s konyh\u00e1ban is. T\u00f6k\u00e9letesen m\u0171k\u00f6dik v\u00edzk\u0151 \u00e9s zs\u00edr elt\u00e1vol\u00edt\u00e1s\u00e1ra. Sz\u00e1mos fel\u00fcleten alkalmazhat\u00f3. Aj\u00e1nlott mosd\u00f3kagyl\u00f3k, csemp\u00e9k, szerelv\u00e9nyek, munkalapok, kr\u00f3mozott fel\u00fcletek, f\u0151z\u0151lapok tiszt\u00edt\u00e1s\u00e1hoz.<\/p>\n<h1>Felhaszn\u00e1l\u00e1s<\/h1>\n<p>Felhaszn\u00e1l\u00e1si javaslat: Haszn\u00e1lat el\u0151tt j\u00f3l felr\u00e1zand\u00f3. Ford\u00edtsa el a sz\u00f3r\u00f3fejet. F\u00fajja le a tiszt\u00edtand\u00f3 fel\u00fcletet. P\u00e1r perc ut\u00e1n \u00f6bl\u00edtse le j\u00f3l. Ahhoz, hogy csillog\u00f3 hat\u00e1st \u00e9rjen el, t\u00f6r\u00f6lje \u00e1t a kezelt fel\u00fcletet egy tiszta, sz\u00e1raz ruh\u00e1val. Ne haszn\u00e1lja a term\u00e9ket m\u00e1rv\u00e1nyon \u00e9s m\u00e1s term\u00e9szetes k\u0151 vagy \u00f6reg, kopott, lakozott fel\u00fcleteken. Lakozott fel\u00fcleteken el\u0151sz\u00f6r egy kev\u00e9sb\u00e9 l\u00e1that\u00f3 ter\u00fcleten pr\u00f3b\u00e1lja ki.<\/p>\n<h1>Tulajdons\u00e1gok<\/h1>\n<p>Term\u00e9k\u00f6sszet\u00e9tel: 5%-n\u00e1l kevesebb anionos fel\u00fcletakt\u00edv anyagok, illatanyagok<br \/>\n(Citral, Linalool, Limonene)<\/p>\n<ul>\n<li>Sz\u00edn: k\u00e9k-\u00e1tl\u00e1tsz\u00f3 folyad\u00e9k<\/li>\n<li>Illat: narancs<\/li>\n<li>pH: 2,0-3,0<\/li>\n<\/ul>\n","protected":false},"excerpt":{"rendered":"<p>K\u00e9tf\u00e1zis\u00fa tiszt\u00edt\u00f3szer<\/p>\n<h2>ADATLAP<\/h2>\n<p><a href=\"https:\/\/laub-tech.hu\/wordpress\/wp-content\/uploads\/2023\/03\/LAUBE-KITCHEN-TECH..pdf\">LAUBE-KITCHEN-TECH.<\/a><\/p>\n","protected":false},"featured_media":181,"template":"","meta":[],"product_cat":[23,24,25],"product_tag":[],"class_list":["post-180","product","type-product","status-publish","has-post-thumbnail","hentry","product_cat-feluletttisztitok","product_cat-fertotlenitok","product_cat-szanitertisztitok"],"_links":{"self":[{"href":"https:\/\/laub-tech.hu\/wordpress\/wp-json\/wp\/v2\/product\/180","targetHints":{"allow":["GET"]}}],"collection":[{"href":"https:\/\/laub-tech.hu\/wordpress\/wp-json\/wp\/v2\/product"}],"about":[{"href":"https:\/\/laub-tech.hu\/wordpress\/wp-json\/wp\/v2\/types\/product"}],"wp:featuredmedia":[{"embeddable":true,"href":"https:\/\/laub-tech.hu\/wordpress\/wp-json\/wp\/v2\/media\/181"}],"wp:attachment":[{"href":"https:\/\/laub-tech.hu\/wordpress\/wp-json\/wp\/v2\/media?parent=180"}],"wp:term":[{"taxonomy":"product_cat","embeddable":true,"href":"https:\/\/laub-tech.hu\/wordpress\/wp-json\/wp\/v2\/product_cat?post=180"},{"taxonomy":"product_tag","embeddable":true,"href":"https:\/\/laub-tech.hu\/wordpress\/wp-json\/wp\/v2\/product_tag?post=180"}],"curies":[{"name":"wp","href":"https:\/\/api.w.org\/{rel}","templated":true}]}}