{"id":184,"date":"2023-03-12T11:14:23","date_gmt":"2023-03-12T11:14:23","guid":{"rendered":"https:\/\/laub-tech.hu\/wordpress\/?post_type=product&#038;p=184"},"modified":"2023-03-12T11:14:23","modified_gmt":"2023-03-12T11:14:23","slug":"laube-rosegold","status":"publish","type":"product","link":"https:\/\/laub-tech.hu\/wordpress\/termek\/laube-rosegold\/","title":{"rendered":"LAUBE ROSEGOLD"},"content":{"rendered":"<p>Citrus-rose illat\u00fa b\u00fator\u00e1pol\u00f3<\/p>\n<h1>Term\u00e9k le\u00edr\u00e1sa<\/h1>\n<p>Rendk\u00edv\u00fcl finom illat\u00fa parf\u00fcmolaj, citrus-rose illattal, mely kiv\u00e1l\u00f3an tiszt\u00edtja \u00e9s<br \/>\n\u00e1polja a b\u0151r, fa, porcel\u00e1n, m\u0171anyag fel\u00fcleteket. Alkalmazhat\u00f3 b\u0151rb\u00fatorok,<br \/>\nb\u0151rt\u00e1sk\u00e1k, b\u0151r\u00f6nd\u00f6k \u00e9s b\u0151rruh\u00e1k tiszt\u00edt\u00e1s\u00e1n\u00e1l \u00e9s \u00e1pol\u00e1s\u00e1n\u00e1l is. A fel\u00fclet<br \/>\nm\u00e9lyebb p\u00f3rusait is tiszt\u00edtja, \u00e1polja \u00e9s v\u00e9di, felfriss\u00edti a sz\u00edneket. A b\u0151rfel\u00fcletet<br \/>\nl\u00e1gyan \u00e9s rugalmasan tartja, megakad\u00e1lyozza a kisz\u00e1rad\u00e1s\u00e1t \u00e9s a t\u00f6redez\u00e9s\u00e9t.<br \/>\nRendszeres haszn\u00e1lata meghosszabb\u00edtja a kezelt fel\u00fclet \u00e9lettartam\u00e1t. M\u00e1r els\u0151<br \/>\nhaszn\u00e1latt\u00f3l megsz\u0171nteti a kellemetlen szagokat \u00e9s hosszan tart\u00f3 kellemes<br \/>\nillatot hagy maga ut\u00e1n.<\/p>\n<h1>Haszn\u00e1lati utas\u00edt\u00e1s<\/h1>\n<p>A sz\u00f3r\u00f3fej seg\u00edts\u00e9g\u00e9vel egyszer\u0171en permetezzen egy keveset a kezelni k\u00edv\u00e1nt<br \/>\nter\u00fcletre, majd t\u00f6r\u00f6lje j\u00f3l \u00e1t. Nem sz\u00fcks\u00e9ges le\u00f6bl\u00edteni.<\/p>\n<h1>Tulajdons\u00e1gok<\/h1>\n<ul>\n<li>Sz\u00edn: h\u00edg, \u00e1tl\u00e1tsz\u00f3 s\u00e1rg\u00e1s folyad\u00e9k<\/li>\n<li>Illat: parf\u00fcm\u00f6s, gy\u00fcm\u00f6lcs\u00f6s<\/li>\n<li>pH (1 %-os vizes oldat, 20o C-on): 6,0-7,0<\/li>\n<li>S\u0171r\u0171s\u00e9g (20oC-on): 1,00-1,02 g\/ml<\/li>\n<\/ul>\n","protected":false},"excerpt":{"rendered":"<p>Citrus-rose illat\u00fa b\u00fator\u00e1pol\u00f3<\/p>\n<h2>ADATLAP<\/h2>\n<p><a href=\"https:\/\/laub-tech.hu\/wordpress\/wp-content\/uploads\/2023\/03\/LAUBE-ROSEGOLD.pdf\">LAUBE-ROSEGOLD<\/a><\/p>\n","protected":false},"featured_media":185,"template":"","meta":[],"product_cat":[17,27,23],"product_tag":[],"class_list":["post-184","product","type-product","status-publish","has-post-thumbnail","hentry","product_cat-egyeb","product_cat-butorapolok","product_cat-feluletttisztitok"],"_links":{"self":[{"href":"https:\/\/laub-tech.hu\/wordpress\/wp-json\/wp\/v2\/product\/184","targetHints":{"allow":["GET"]}}],"collection":[{"href":"https:\/\/laub-tech.hu\/wordpress\/wp-json\/wp\/v2\/product"}],"about":[{"href":"https:\/\/laub-tech.hu\/wordpress\/wp-json\/wp\/v2\/types\/product"}],"wp:featuredmedia":[{"embeddable":true,"href":"https:\/\/laub-tech.hu\/wordpress\/wp-json\/wp\/v2\/media\/185"}],"wp:attachment":[{"href":"https:\/\/laub-tech.hu\/wordpress\/wp-json\/wp\/v2\/media?parent=184"}],"wp:term":[{"taxonomy":"product_cat","embeddable":true,"href":"https:\/\/laub-tech.hu\/wordpress\/wp-json\/wp\/v2\/product_cat?post=184"},{"taxonomy":"product_tag","embeddable":true,"href":"https:\/\/laub-tech.hu\/wordpress\/wp-json\/wp\/v2\/product_tag?post=184"}],"curies":[{"name":"wp","href":"https:\/\/api.w.org\/{rel}","templated":true}]}}