{"id":187,"date":"2023-03-12T11:23:10","date_gmt":"2023-03-12T11:23:10","guid":{"rendered":"https:\/\/laub-tech.hu\/wordpress\/?post_type=product&#038;p=187"},"modified":"2023-03-12T11:23:10","modified_gmt":"2023-03-12T11:23:10","slug":"laube-illusion-bathroom","status":"publish","type":"product","link":"https:\/\/laub-tech.hu\/wordpress\/termek\/laube-illusion-bathroom\/","title":{"rendered":"LAUBE ILLUSION BATHROOM"},"content":{"rendered":"<p>F\u00fcrd\u0151szobai tiszt\u00edt\u00f3szer jap\u00e1n szilva illattal<\/p>\n<h1>Term\u00e9k le\u00edr\u00e1sa<\/h1>\n<p>Rendk\u00edv\u00fcl finom jap\u00e1n szilva illat\u00fa f\u00fcrd\u0151szobai tiszt\u00edt\u00f3szer, amely kiv\u00e1l\u00f3 hat\u00e1st<br \/>\nbiztos\u00edt v\u00edzk\u0151, szappanlerak\u00f3d\u00e1s \u00e9s v\u00edznyomok ellen.<\/p>\n<p>M\u00e1r az els\u0151 haszn\u00e1latt\u00f3l megsz\u00fcnteti a kellemetlen szagokat, \u00e9s kellemes<br \/>\nhosszantart\u00f3 illatot hagy maga ut\u00e1n.<\/p>\n<h1>Felhaszn\u00e1l\u00e1s<\/h1>\n<p>Permetezze a tiszt\u00edt\u00f3szert a kiv\u00e1lasztott fel\u00fcletre, majd hagyja hatni 1 percig, ezut\u00e1n t\u00f6r\u00f6lje le egy nedves ronggyal (nincs sz\u00fcks\u00e9g s\u00farol\u00e1sra). Ne haszn\u00e1lja m\u00e1rv\u00e1nyon, vagy term\u00e9szetes k\u00f6veken. Haszn\u00e1lat el\u0151tt pr\u00f3b\u00e1lja ki egy rejtett helyen.<\/p>\n<h1>Tulajdons\u00e1gok<\/h1>\n<p>Term\u00e9k\u00f6sszet\u00e9tel: &lt;5% nemionos fel\u00fcletakt\u00edv anyag,&lt;5% ecetsav,&lt;5% foszforsav, illatanyag\/D Limonene,Linalool\/<\/p>\n<p>Sz\u00edn: h\u00edg, \u00e1tl\u00e1tsz\u00f3, k\u00e9k folyad\u00e9k<\/p>\n<p>Illat: gy\u00fcm\u00f6lcs illat\u00fa<\/p>\n<p>pH (1 %-os vizes oldat, 20oC-on): 2,5-3,5<\/p>\n","protected":false},"excerpt":{"rendered":"<p>F\u00fcrd\u0151szobai tiszt\u00edt\u00f3szer jap\u00e1n szilva illattal<\/p>\n<h2>ADATLAP<\/h2>\n<p><a href=\"https:\/\/laub-tech.hu\/wordpress\/wp-content\/uploads\/2023\/03\/LAUBE-ILLUSION-BATHROOM.pdf\">LAUBE-ILLUSION-BATHROOM<\/a><\/p>\n","protected":false},"featured_media":188,"template":"","meta":[],"product_cat":[23,28,25],"product_tag":[],"class_list":["post-187","product","type-product","status-publish","has-post-thumbnail","hentry","product_cat-feluletttisztitok","product_cat-furdoszobai-tisztitoszerek","product_cat-szanitertisztitok"],"_links":{"self":[{"href":"https:\/\/laub-tech.hu\/wordpress\/wp-json\/wp\/v2\/product\/187","targetHints":{"allow":["GET"]}}],"collection":[{"href":"https:\/\/laub-tech.hu\/wordpress\/wp-json\/wp\/v2\/product"}],"about":[{"href":"https:\/\/laub-tech.hu\/wordpress\/wp-json\/wp\/v2\/types\/product"}],"wp:featuredmedia":[{"embeddable":true,"href":"https:\/\/laub-tech.hu\/wordpress\/wp-json\/wp\/v2\/media\/188"}],"wp:attachment":[{"href":"https:\/\/laub-tech.hu\/wordpress\/wp-json\/wp\/v2\/media?parent=187"}],"wp:term":[{"taxonomy":"product_cat","embeddable":true,"href":"https:\/\/laub-tech.hu\/wordpress\/wp-json\/wp\/v2\/product_cat?post=187"},{"taxonomy":"product_tag","embeddable":true,"href":"https:\/\/laub-tech.hu\/wordpress\/wp-json\/wp\/v2\/product_tag?post=187"}],"curies":[{"name":"wp","href":"https:\/\/api.w.org\/{rel}","templated":true}]}}