{"id":189,"date":"2023-03-12T11:31:44","date_gmt":"2023-03-12T11:31:44","guid":{"rendered":"https:\/\/laub-tech.hu\/wordpress\/?post_type=product&#038;p=189"},"modified":"2023-03-12T11:32:35","modified_gmt":"2023-03-12T11:32:35","slug":"pk-7-funkcios-tisztito-es-kenoanyag","status":"publish","type":"product","link":"https:\/\/laub-tech.hu\/wordpress\/termek\/pk-7-funkcios-tisztito-es-kenoanyag\/","title":{"rendered":"PK 7 funkci\u00f3s tiszt\u00edt\u00f3- \u00e9s ken\u0151anyag"},"content":{"rendered":"<p>A PK egy 7 az 1-ben t\u00f6bbc\u00e9l\u00fa, univerz\u00e1lis spray.<\/p>\n<h1>Term\u00e9k le\u00edr\u00e1sa<\/h1>\n<ul>\n<li>Elt\u00e1vol\u00edtja a vizet minden f\u00e9m- \u00e9s elektronikai fel\u00fcletr\u0151l. Egy dehidr\u00e1tot tartalmaz \u00e9s alkalmas a kontaktusok re-aktiv\u00e1l\u00e1s\u00e1ra.<\/li>\n<li>Egy gyors csavarlaz\u00edt\u00f3 (rozsda old\u00f3) korrod\u00e1lt, ber\u00e1g\u00f3dott csavarok, any\u00e1k \u00e9s egy\u00e9b alkatr\u00e9szek fellaz\u00edt\u00e1s\u00e1ra.<\/li>\n<li>Elektromos- \u00e9s elektronikus kontakt tiszt\u00edt\u00f3: Megsz\u0171nteti az oxid- \u00e9s egy\u00e9b lerak\u00f3d\u00e1sokat.<\/li>\n<li>V\u00e9d a rozsda- \u00e9s az oxid\u00e1ci\u00f3 ellen: V\u00e9di a f\u00e9m alkatr\u00e9szeket a l\u00e9gk\u00f6ri anyagok \u00e9s a tengeri s\u00f3 okozta oxid\u00e1ci\u00f3 ellen.<\/li>\n<li>Tiszt\u00edtja a f\u00e9m alkatr\u00e9szeket: Oldja olajat, ragaszt\u00f3t, foltokat, k\u00e1tr\u00e1nyt \u00e9s zs\u00edrt.<\/li>\n<li>V\u00e9di a befagy\u00e1s ellen az elektromos \u00e9s mechanikai alkatr\u00e9szeket. Ellen\u00e1ll -40 C\u00b0-ig.<\/li>\n<li>Ken\u0151anyag az elektromos alkatr\u00e9szekhez, lakatokhoz, kis mechanikai mozg\u00e1sokhoz, z\u00e1rakhoz, ajt\u00f3 zsan\u00e9rokhoz, csavarokhoz, fogaskerekekhez, csap\u00e1gyakhoz, ker\u00e9kp\u00e1rl\u00e1ncokhoz, stb.<\/li>\n<\/ul>\n<h1>Felhaszn\u00e1l\u00e1s<\/h1>\n<p>Haszn\u00e1lhat\u00f3 a h\u00e1ztart\u00e1sban, az iparban, haj\u00f3khoz, kerti g\u00e9pekhez, j\u00e1rm\u0171vekhez, horg\u00e1sz felszerel\u00e9sekhez, ker\u00e9kp\u00e1rokhoz \u00e9s motorokhoz. A hosszabb\u00edt\u00f3 cs\u0151 lehet\u0151v\u00e9 teszi a kezelend\u0151 alkatr\u00e9szek el\u00e9r\u00e9s\u00e9t, seg\u00edtve ez\u00e1ltal a term\u00e9k hat\u00e9konys\u00e1g\u00e1t.<\/p>\n","protected":false},"excerpt":{"rendered":"<p>A PK egy 7 az 1-ben t\u00f6bbc\u00e9l\u00fa, univerz\u00e1lis spray.<\/p>\n<h2>ADATLAP<\/h2>\n<p>&nbsp;<\/p>\n","protected":false},"featured_media":190,"template":"","meta":[],"product_cat":[17,23,29],"product_tag":[],"class_list":["post-189","product","type-product","status-publish","has-post-thumbnail","hentry","product_cat-egyeb","product_cat-feluletttisztitok","product_cat-kenoanyagok"],"_links":{"self":[{"href":"https:\/\/laub-tech.hu\/wordpress\/wp-json\/wp\/v2\/product\/189","targetHints":{"allow":["GET"]}}],"collection":[{"href":"https:\/\/laub-tech.hu\/wordpress\/wp-json\/wp\/v2\/product"}],"about":[{"href":"https:\/\/laub-tech.hu\/wordpress\/wp-json\/wp\/v2\/types\/product"}],"wp:featuredmedia":[{"embeddable":true,"href":"https:\/\/laub-tech.hu\/wordpress\/wp-json\/wp\/v2\/media\/190"}],"wp:attachment":[{"href":"https:\/\/laub-tech.hu\/wordpress\/wp-json\/wp\/v2\/media?parent=189"}],"wp:term":[{"taxonomy":"product_cat","embeddable":true,"href":"https:\/\/laub-tech.hu\/wordpress\/wp-json\/wp\/v2\/product_cat?post=189"},{"taxonomy":"product_tag","embeddable":true,"href":"https:\/\/laub-tech.hu\/wordpress\/wp-json\/wp\/v2\/product_tag?post=189"}],"curies":[{"name":"wp","href":"https:\/\/api.w.org\/{rel}","templated":true}]}}