{"id":191,"date":"2023-03-12T11:38:19","date_gmt":"2023-03-12T11:38:19","guid":{"rendered":"https:\/\/laub-tech.hu\/wordpress\/?post_type=product&#038;p=191"},"modified":"2023-07-12T15:11:17","modified_gmt":"2023-07-12T15:11:17","slug":"starter-aprimaglia","status":"publish","type":"product","link":"https:\/\/laub-tech.hu\/wordpress\/termek\/starter-aprimaglia\/","title":{"rendered":"STARTER APRIMAGLIA"},"content":{"rendered":"<p>Szita tiszt\u00edt\u00f3 \u00e9s ragaszt\u00f3 old\u00f3 spray<\/p>\n<h1>Term\u00e9k le\u00edr\u00e1s<\/h1>\n<p>A STARTER APRIMAGLIA kiv\u00e1l\u00f3an haszn\u00e1lhat\u00f3 a nyomdai szit\u00e1k besz\u00e1radt tinta okozta ter\u00fcleteinek felnyit\u00e1s\u00e1ra, felszabad\u00edt\u00e1s\u00e1ra. Nagy gyorsas\u00e1ga \u00e9s hat\u00e9konys\u00e1ga lehet\u0151v\u00e9 teszi az \u00fajra nyom\u00e1st, ezzel egy\u00fctt elker\u00fclve a sablont k\u00e1ros\u00edt\u00f3, old\u00f3szeres ronggyal val\u00f3 d\u00f6rzs\u00f6lget\u00e9s\u00e9t.<br \/>\nK\u00f6nny\u0171 a haszn\u00e1lata, permetezzen egy v\u00e9kony filmet a bez\u00e1r\u00f3dott szit\u00e1ra, \u00e9s az \u00fajra tiszt\u00e1v\u00e1 \u00e9s nyitott\u00e1 v\u00e1lik. Speci\u00e1lis formul\u00e1j\u00e1nak k\u00f6sz\u00f6nhet\u0151en a STARTER APRIMAGLIA haszn\u00e1lhat\u00f3 mindenfajta tint\u00e1hoz, kiv\u00e9ve az oxid\u00e1ci\u00f3t\u00f3l \u00e9s katal\u00edzist\u0151l besz\u00e1radt vastag filmeket.<br \/>\nAktiv\u00e1l\u00f3 ereje azonnali. Alkalmas a plasztiszol \u00e9s v\u00edzb\u00e1zis\u00fa fest\u00e9kekhez egyar\u00e1nt. Remek\u00fcl haszn\u00e1lhat\u00f3 m\u00e9g sz\u00e1mos ragaszt\u00f3 t\u00edpus elt\u00e1vol\u00edt\u00e1s\u00e1ra is.<\/p>\n<h1>El\u0151ny\u00f6k<\/h1>\n<ul>\n<li>Mindenfajta tint\u00e1hoz haszn\u00e1lhat\u00f3<\/li>\n<li>Nagyon gyors \u00e9s hat\u00e9kony<\/li>\n<li>Oldja a ragaszt\u00f3kat is<\/li>\n<\/ul>\n","protected":false},"excerpt":{"rendered":"<p>Szita tiszt\u00edt\u00f3 \u00e9s ragaszt\u00f3 old\u00f3 spray<\/p>\n<h2>ADATLAP<\/h2>\n","protected":false},"featured_media":206,"template":"","meta":[],"product_cat":[17,23,30],"product_tag":[],"class_list":["post-191","product","type-product","status-publish","has-post-thumbnail","hentry","product_cat-egyeb","product_cat-feluletttisztitok","product_cat-oldoszerek"],"_links":{"self":[{"href":"https:\/\/laub-tech.hu\/wordpress\/wp-json\/wp\/v2\/product\/191","targetHints":{"allow":["GET"]}}],"collection":[{"href":"https:\/\/laub-tech.hu\/wordpress\/wp-json\/wp\/v2\/product"}],"about":[{"href":"https:\/\/laub-tech.hu\/wordpress\/wp-json\/wp\/v2\/types\/product"}],"wp:featuredmedia":[{"embeddable":true,"href":"https:\/\/laub-tech.hu\/wordpress\/wp-json\/wp\/v2\/media\/206"}],"wp:attachment":[{"href":"https:\/\/laub-tech.hu\/wordpress\/wp-json\/wp\/v2\/media?parent=191"}],"wp:term":[{"taxonomy":"product_cat","embeddable":true,"href":"https:\/\/laub-tech.hu\/wordpress\/wp-json\/wp\/v2\/product_cat?post=191"},{"taxonomy":"product_tag","embeddable":true,"href":"https:\/\/laub-tech.hu\/wordpress\/wp-json\/wp\/v2\/product_tag?post=191"}],"curies":[{"name":"wp","href":"https:\/\/api.w.org\/{rel}","templated":true}]}}