{"id":91,"date":"2021-11-25T17:18:22","date_gmt":"2021-11-25T17:18:22","guid":{"rendered":"https:\/\/laub-tech.hu\/wordpress\/termek\/hoodie-with-logo\/"},"modified":"2021-12-01T12:58:35","modified_gmt":"2021-12-01T12:58:35","slug":"top-grade-allsept-foam","status":"publish","type":"product","link":"https:\/\/laub-tech.hu\/wordpress\/termek\/top-grade-allsept-foam\/","title":{"rendered":"TOP GRADE ALLSEPT FOAM"},"content":{"rendered":"<p>Kl\u00f3rtartalm\u00fa, l\u00fagos tiszt\u00edt\u00f3- \u00e9s zs\u00edrtalan\u00edt\u00f3 tiszt\u00edt\u00f3szer koncentr\u00e1tum k\u00e9zi \u00e9s g\u00e9pi tiszt\u00edt\u00e1shoz. Alkalmazhat\u00f3 rozsdamentes ac\u00e9lt\u00e1rgyak, falak, grillez\u0151k, s\u00fct\u0151k, g\u00e9palkatr\u00e9szek, \u00fcveg \u00e9s m\u00e1s kem\u00e9ny fel\u00fclet\u0171 t\u00e1rgyak hat\u00e9kony tiszt\u00edt\u00e1s\u00e1hoz. A kl\u00f3r hat\u00f3anyag biztos\u00edtja a feh\u00e9rj\u00e9k elt\u00e1vol\u00edt\u00e1s\u00e1t.<\/p>\n<p><strong>A term\u00e9k \u00e1r\u00e1val kapcsolatban k\u00e9rjen aj\u00e1nlatot!<\/strong><\/p>\n","protected":false},"excerpt":{"rendered":"<p>Baktericid, fungicid, virucid hat\u00e1s\u00fa tiszt\u00edt\u00f3-\u00e9s fert\u0151tlen\u00edt\u0151 szer<\/p>\n<p>Kiszerel\u00e9s:\u00a0 10 liter<\/p>\n<h2>ADATLAP<\/h2>\n<p><a href=\"https:\/\/laub-tech.hu\/wordpress\/wp-content\/uploads\/2021\/11\/TOP-GRADE-ALLSEPT-FOAM.pdf\">TOP-GRADE-ALLSEPT-FOAM<\/a><\/p>\n","protected":false},"featured_media":92,"template":"","meta":[],"product_cat":[24],"product_tag":[],"class_list":["post-91","product","type-product","status-publish","has-post-thumbnail","hentry","product_cat-fertotlenitok"],"_links":{"self":[{"href":"https:\/\/laub-tech.hu\/wordpress\/wp-json\/wp\/v2\/product\/91","targetHints":{"allow":["GET"]}}],"collection":[{"href":"https:\/\/laub-tech.hu\/wordpress\/wp-json\/wp\/v2\/product"}],"about":[{"href":"https:\/\/laub-tech.hu\/wordpress\/wp-json\/wp\/v2\/types\/product"}],"wp:featuredmedia":[{"embeddable":true,"href":"https:\/\/laub-tech.hu\/wordpress\/wp-json\/wp\/v2\/media\/92"}],"wp:attachment":[{"href":"https:\/\/laub-tech.hu\/wordpress\/wp-json\/wp\/v2\/media?parent=91"}],"wp:term":[{"taxonomy":"product_cat","embeddable":true,"href":"https:\/\/laub-tech.hu\/wordpress\/wp-json\/wp\/v2\/product_cat?post=91"},{"taxonomy":"product_tag","embeddable":true,"href":"https:\/\/laub-tech.hu\/wordpress\/wp-json\/wp\/v2\/product_tag?post=91"}],"curies":[{"name":"wp","href":"https:\/\/api.w.org\/{rel}","templated":true}]}}