{"id":93,"date":"2021-11-29T16:05:37","date_gmt":"2021-11-29T16:05:37","guid":{"rendered":"https:\/\/laub-tech.hu\/wordpress\/?post_type=product&#038;p=93"},"modified":"2021-12-01T12:58:16","modified_gmt":"2021-12-01T12:58:16","slug":"top-grade-desin","status":"publish","type":"product","link":"https:\/\/laub-tech.hu\/wordpress\/termek\/top-grade-desin\/","title":{"rendered":"TOP GRADE DESIN"},"content":{"rendered":"<p>Megsz\u00fcnteti a kellemetlen szagokat. Haszn\u00e1lata minden fel\u00fcleten biztons\u00e1gos. L\u00e9gkondicion\u00e1l\u00f3 berendez\u00e9sek fert\u0151tlen\u00edt\u00e9s\u00e9re is aj\u00e1nlott. Egy id\u0151ben tiszt\u00edt \u00e9s szagtalan\u00edt. V\u00edzzel ak\u00e1r 1:50 ar\u00e1nyban is h\u00edg\u00edthat\u00f3.<\/p>\n<p><strong>A term\u00e9k \u00e1r\u00e1val kapcsolatban k\u00e9rjen aj\u00e1nlatot!<\/strong><\/p>\n","protected":false},"excerpt":{"rendered":"<p>Kvaterner-amm\u00f3nium alap\u00fa zs\u00edrtalan\u00edt\u00f3 \u00e9s fert\u0151tlen\u00edt\u00f3szer koncentr\u00e1tum<\/p>\n<p>Kiszerel\u00e9s: 5 liter<\/p>\n<h2>ADATLAP<\/h2>\n<p><a href=\"https:\/\/laub-tech.hu\/wordpress\/wp-content\/uploads\/2021\/11\/TOP-GRADE-DESIN.pdf\">TOP-GRADE-DESIN<\/a><\/p>\n","protected":false},"featured_media":94,"template":"","meta":[],"product_cat":[24],"product_tag":[],"class_list":["post-93","product","type-product","status-publish","has-post-thumbnail","hentry","product_cat-fertotlenitok"],"_links":{"self":[{"href":"https:\/\/laub-tech.hu\/wordpress\/wp-json\/wp\/v2\/product\/93","targetHints":{"allow":["GET"]}}],"collection":[{"href":"https:\/\/laub-tech.hu\/wordpress\/wp-json\/wp\/v2\/product"}],"about":[{"href":"https:\/\/laub-tech.hu\/wordpress\/wp-json\/wp\/v2\/types\/product"}],"wp:featuredmedia":[{"embeddable":true,"href":"https:\/\/laub-tech.hu\/wordpress\/wp-json\/wp\/v2\/media\/94"}],"wp:attachment":[{"href":"https:\/\/laub-tech.hu\/wordpress\/wp-json\/wp\/v2\/media?parent=93"}],"wp:term":[{"taxonomy":"product_cat","embeddable":true,"href":"https:\/\/laub-tech.hu\/wordpress\/wp-json\/wp\/v2\/product_cat?post=93"},{"taxonomy":"product_tag","embeddable":true,"href":"https:\/\/laub-tech.hu\/wordpress\/wp-json\/wp\/v2\/product_tag?post=93"}],"curies":[{"name":"wp","href":"https:\/\/api.w.org\/{rel}","templated":true}]}}