{"id":95,"date":"2021-11-29T16:09:58","date_gmt":"2021-11-29T16:09:58","guid":{"rendered":"https:\/\/laub-tech.hu\/wordpress\/?post_type=product&#038;p=95"},"modified":"2021-12-01T14:42:26","modified_gmt":"2021-12-01T14:42:26","slug":"top-grade-hygiene-soap","status":"publish","type":"product","link":"https:\/\/laub-tech.hu\/wordpress\/termek\/top-grade-hygiene-soap\/","title":{"rendered":"TOP GRADE HYGIENE SOAP"},"content":{"rendered":"<div class=\"woocommerce-Tabs-panel woocommerce-Tabs-panel--description panel entry-content wc-tab\" role=\"tabpanel\" aria-labelledby=\"tab-title-description\">\n<p>&nbsp;<\/p>\n<p>T\u00f6k\u00e9letes fert\u0151tlen\u00edt\u00e9s \u00e9lelmiszeripari ter\u00fcleteken is. Sz\u00edn \u00e9s \u2013 illatanyag mentes, s\u0171r\u0171 \u00f6sszet\u00e9tel\u0171 k\u00e9sz\u00edtm\u00e9ny, b\u0151rk\u00edm\u00e9l\u0151 adal\u00e9kot \u00e9s zs\u00edrvisszat\u00e1pl\u00e1l\u00f3t tartalmaz, \u00edgy nem sz\u00e1r\u00edtja a b\u0151rt.<\/p>\n<p><strong>A term\u00e9k \u00e1r\u00e1val kapcsolatban k\u00e9rjen aj\u00e1nlatot!<\/strong><\/p>\n<\/div>\n","protected":false},"excerpt":{"rendered":"<p>Fert\u0151tlen\u00edt\u0151 k\u00e9ztiszt\u00edt\u00f3<\/p>\n<p>Kiszerel\u00e9s: 5 liter<\/p>\n<h2>ADATLAP<\/h2>\n<p><a href=\"https:\/\/laub-tech.hu\/wordpress\/wp-content\/uploads\/2021\/11\/TOP-GRADE-HYGIENE-SOAP.pdf\">TOP-GRADE-HYGIENE-SOAP<\/a><\/p>\n","protected":false},"featured_media":96,"template":"","meta":[],"product_cat":[22],"product_tag":[],"class_list":["post-95","product","type-product","status-publish","has-post-thumbnail","hentry","product_cat-keztisztitok"],"_links":{"self":[{"href":"https:\/\/laub-tech.hu\/wordpress\/wp-json\/wp\/v2\/product\/95","targetHints":{"allow":["GET"]}}],"collection":[{"href":"https:\/\/laub-tech.hu\/wordpress\/wp-json\/wp\/v2\/product"}],"about":[{"href":"https:\/\/laub-tech.hu\/wordpress\/wp-json\/wp\/v2\/types\/product"}],"wp:featuredmedia":[{"embeddable":true,"href":"https:\/\/laub-tech.hu\/wordpress\/wp-json\/wp\/v2\/media\/96"}],"wp:attachment":[{"href":"https:\/\/laub-tech.hu\/wordpress\/wp-json\/wp\/v2\/media?parent=95"}],"wp:term":[{"taxonomy":"product_cat","embeddable":true,"href":"https:\/\/laub-tech.hu\/wordpress\/wp-json\/wp\/v2\/product_cat?post=95"},{"taxonomy":"product_tag","embeddable":true,"href":"https:\/\/laub-tech.hu\/wordpress\/wp-json\/wp\/v2\/product_tag?post=95"}],"curies":[{"name":"wp","href":"https:\/\/api.w.org\/{rel}","templated":true}]}}