{"id":97,"date":"2021-11-29T16:16:08","date_gmt":"2021-11-29T16:16:08","guid":{"rendered":"https:\/\/laub-tech.hu\/wordpress\/?post_type=product&#038;p=97"},"modified":"2021-12-01T12:56:51","modified_gmt":"2021-12-01T12:56:51","slug":"zep-coilex","status":"publish","type":"product","link":"https:\/\/laub-tech.hu\/wordpress\/termek\/zep-coilex\/","title":{"rendered":"ZEP COILEX"},"content":{"rendered":"<p>Speci\u00e1lis tiszt\u00edt\u00f3szer h\u0171t\u0151spir\u00e1lokhoz<\/p>\n<div id=\"tab-description\" class=\"woocommerce-Tabs-panel woocommerce-Tabs-panel--description panel entry-content wc-tab\" role=\"tabpanel\" aria-labelledby=\"tab-title-description\">\n<ul>\n<li>Biztons\u00e1gos, kellemes illat\u00fa, kimondottan a kondenz\u00e1torok h\u0171t\u0151bord\u00e1inak tiszt\u00edt\u00e1s\u00e1ra alkalmas k\u00e9sz\u00edtm\u00e9ny, amely k\u00fcl\u00f6n\u00f6sen ott hat, ahol sz\u00f6sz, korom, k\u00e1tr\u00e1ny, olaj \u00e9s hasonl\u00f3 szennyez\u0151d\u00e9sek probl\u00e9mak\u00e9nt jelentkeznek.<\/li>\n<li>A Coilex automatikusan \u00f6bl\u00edt\u0151dik, ez azt jelenti, hogy a h\u0171t\u0151bord\u00e1k kondenz\u00e1ci\u00f3ja v\u00e9gzi el az \u00f6bl\u00edt\u00e9si folyamatot.<\/li>\n<li>Mivel a term\u00e9ket nem kell le\u00f6bl\u00edteni, id\u0151-\u00e9s k\u00f6lts\u00e9g sp\u00f3rolhat\u00f3 vele.<\/li>\n<li>A zs\u00edron \u00e9s egy\u00e9b szennyez\u0151d\u00e9sen \u00e1that\u00f3 tulajdons\u00e1g\u00e1val az anyag eg\u00e9sz\u00e9n k\u00edm\u00e9letes kezel\u00e9st eredm\u00e9nyez.<\/li>\n<li>T\u00f6k\u00e9letesen old\u00f3dik v\u00edzben \u00e9s nem hagy maga ut\u00e1n nem k\u00edv\u00e1nt maradv\u00e1nyokat. Haszn\u00e1lat\u00e1ban biztos \u00e9s nem m\u00e9rgez\u0151.<\/li>\n<li>Nem marja meg a f\u00e9m- vagy m\u0171anyagr\u00e9szeket, melyeket a l\u00e9gkondicion\u00e1l\u00f3 berendez\u00e9sekben haszn\u00e1lnak.<\/li>\n<li>Higroszk\u00f3pos (v\u00edzmegk\u00f6t\u0151) hat\u00e1sa r\u00e9v\u00e9n kit\u0171n\u0151 sz\u0171r\u0151adh\u00e9zi\u00f3t ny\u00fajt, m\u00e9g magas k\u00f6vetelm\u00e9nyekn\u00e9l is.<\/li>\n<\/ul>\n<p><strong>A term\u00e9k \u00e1r\u00e1val kapcsolatban k\u00e9rjen aj\u00e1nlatot!<\/strong><\/p>\n<\/div>\n","protected":false},"excerpt":{"rendered":"<p>Speci\u00e1lis tiszt\u00edt\u00f3szer h\u0171t\u0151spir\u00e1lokhoz<\/p>\n<p>Kiszerel\u00e9s: 5 liter<\/p>\n<h2>ADATLAP<\/h2>\n<p><a href=\"https:\/\/laub-tech.hu\/wordpress\/wp-content\/uploads\/2021\/11\/ZEP-COILEX.pdf\">ZEP-COILEX<\/a><\/p>\n","protected":false},"featured_media":98,"template":"","meta":[],"product_cat":[21],"product_tag":[],"class_list":["post-97","product","type-product","status-publish","has-post-thumbnail","hentry","product_cat-klimafertotlenitok"],"_links":{"self":[{"href":"https:\/\/laub-tech.hu\/wordpress\/wp-json\/wp\/v2\/product\/97","targetHints":{"allow":["GET"]}}],"collection":[{"href":"https:\/\/laub-tech.hu\/wordpress\/wp-json\/wp\/v2\/product"}],"about":[{"href":"https:\/\/laub-tech.hu\/wordpress\/wp-json\/wp\/v2\/types\/product"}],"wp:featuredmedia":[{"embeddable":true,"href":"https:\/\/laub-tech.hu\/wordpress\/wp-json\/wp\/v2\/media\/98"}],"wp:attachment":[{"href":"https:\/\/laub-tech.hu\/wordpress\/wp-json\/wp\/v2\/media?parent=97"}],"wp:term":[{"taxonomy":"product_cat","embeddable":true,"href":"https:\/\/laub-tech.hu\/wordpress\/wp-json\/wp\/v2\/product_cat?post=97"},{"taxonomy":"product_tag","embeddable":true,"href":"https:\/\/laub-tech.hu\/wordpress\/wp-json\/wp\/v2\/product_tag?post=97"}],"curies":[{"name":"wp","href":"https:\/\/api.w.org\/{rel}","templated":true}]}}