{"id":99,"date":"2021-11-29T16:19:32","date_gmt":"2021-11-29T16:19:32","guid":{"rendered":"https:\/\/laub-tech.hu\/wordpress\/?post_type=product&#038;p=99"},"modified":"2021-12-01T12:56:23","modified_gmt":"2021-12-01T12:56:23","slug":"zep-ac-car","status":"publish","type":"product","link":"https:\/\/laub-tech.hu\/wordpress\/termek\/zep-ac-car\/","title":{"rendered":"ZEP AC CAR"},"content":{"rendered":"<p>Kett\u0151s hat\u00e1s\u00fa kombin\u00e1lt tiszt\u00edt\u00f3 spray l\u00e9gkondicion\u00e1l\u00f3kba \u00e9s fel\u00fcletekre<\/p>\n<ul>\n<li>\u00c9lelmiszeriparban is haszn\u00e1lhat\u00f3.<\/li>\n<li>Megg\u00e1tolja \u00e9s megsz\u00fcnteti a boml\u00e1si folyamattal j\u00e1r\u00f3 kellemetlen szagokat.<\/li>\n<li>\u00d6bl\u00edt\u00e9st nem ig\u00e9nyel: a k\u00e9sz\u00edtm\u00e9ny marad\u00e9kainak elt\u00e1vol\u00edt\u00e1s\u00e1hoz elegend\u0151 a rendszer kondenz\u00e1l\u00e1sa.<\/li>\n<li>Gazdas\u00e1gos: alacsonyabb munkak\u00f6lts\u00e9gek, mivel nem ig\u00e9nyel \u00f6bl\u00edt\u00e9st.<\/li>\n<li>Praktikus: spraycsomagol\u00e1s, nincs sz\u00fcks\u00e9g sz\u00f3r\u00f3berendez\u00e9sre, vagy oldat k\u00e9sz\u00edt\u00e9s\u00e9re.<\/li>\n<li>\u00a0A speci\u00e1lis sz\u00f3r\u00f3fejnek k\u00f6sz\u00f6nhet\u0151en k\u00f6nnyed\u00e9n haszn\u00e1lhat\u00f3. A kezelt fel\u00fcleteket nem marja ki.<\/li>\n<\/ul>\n<p><strong>A term\u00e9k \u00e1r\u00e1val kapcsolatban k\u00e9rjen aj\u00e1nlatot!<\/strong><\/p>\n","protected":false},"excerpt":{"rendered":"<p>L\u00e9gkondicion\u00e1l\u00f3 \u00e9s egy\u00e9b fel\u00fclet-fert\u0151tlen\u00edt\u0151 aerosol<\/p>\n<p>Kiszerel\u00e9s: 500 ml<\/p>\n<h2>ADATLAP<\/h2>\n<p><a href=\"https:\/\/laub-tech.hu\/wordpress\/wp-content\/uploads\/2021\/11\/ZEP-AC-CAR.pdf\">ZEP-AC-CAR<\/a><\/p>\n","protected":false},"featured_media":100,"template":"","meta":[],"product_cat":[24,21],"product_tag":[],"class_list":["post-99","product","type-product","status-publish","has-post-thumbnail","hentry","product_cat-fertotlenitok","product_cat-klimafertotlenitok"],"_links":{"self":[{"href":"https:\/\/laub-tech.hu\/wordpress\/wp-json\/wp\/v2\/product\/99","targetHints":{"allow":["GET"]}}],"collection":[{"href":"https:\/\/laub-tech.hu\/wordpress\/wp-json\/wp\/v2\/product"}],"about":[{"href":"https:\/\/laub-tech.hu\/wordpress\/wp-json\/wp\/v2\/types\/product"}],"wp:featuredmedia":[{"embeddable":true,"href":"https:\/\/laub-tech.hu\/wordpress\/wp-json\/wp\/v2\/media\/100"}],"wp:attachment":[{"href":"https:\/\/laub-tech.hu\/wordpress\/wp-json\/wp\/v2\/media?parent=99"}],"wp:term":[{"taxonomy":"product_cat","embeddable":true,"href":"https:\/\/laub-tech.hu\/wordpress\/wp-json\/wp\/v2\/product_cat?post=99"},{"taxonomy":"product_tag","embeddable":true,"href":"https:\/\/laub-tech.hu\/wordpress\/wp-json\/wp\/v2\/product_tag?post=99"}],"curies":[{"name":"wp","href":"https:\/\/api.w.org\/{rel}","templated":true}]}}